{"id":15813,"date":"2025-11-20T14:55:39","date_gmt":"2025-11-20T14:55:39","guid":{"rendered":"https:\/\/aspiracapitalgroup.com\/?page_id=15813"},"modified":"2025-11-20T15:02:08","modified_gmt":"2025-11-20T15:02:08","slug":"principios-rectores","status":"publish","type":"page","link":"https:\/\/aspiracapitalgroup.com\/es\/principios-rectores\/","title":{"rendered":"PRINCIPIOS RECTORES"},"content":{"rendered":"\n<p>En <strong>Aspira Capital Group<\/strong>, nuestros Principios Rectores gu\u00edan cada decisi\u00f3n que tomamos y cada relaci\u00f3n que construimos. Actuamos con responsabilidad, transparencia e imparcialidad, honrando siempre la confianza que nuestros clientes y socios depositan en nosotros. Trabajamos con compasi\u00f3n y firmeza, cumpliendo nuestros compromisos y manteniendo los m\u00e1s altos est\u00e1ndares de seguridad e integridad. Al actuar con rapidez y efectividad, brindamos soluciones financieras confiables que impulsan el \u00e9xito a largo plazo de los negocios y comunidades a las que servimos.<\/p>\n\n\n\n<p><strong>STEWARDSHIP (ADMINISTRACI\u00d3N RESPONSABLE)<\/strong> \u2013 Creemos en operar el negocio con gran cuidado, entendiendo que nuestros clientes, socios y dem\u00e1s partes interesadas han depositado una gran confianza en nosotros.<\/p>\n\n\n\n<p><br><strong>EFECTIVIDAD<\/strong> \u2013 Cumpliremos las metas y compromisos que establezcamos y aceptemos, sin importar las dificultades u obst\u00e1culos que podamos encontrar.<\/p>\n\n\n\n<p><br><strong>COMPASI\u00d3N<\/strong> \u2013 Procuramos relacionarnos con nuestros miembros del equipo, partes interesadas y clientes con un nivel adecuado de empat\u00eda.<\/p>\n\n\n\n<p><br><strong>TRANSPARENCIA<\/strong> \u2013 Creemos en reducir la ambig\u00fcedad y aumentar la transparencia en la gesti\u00f3n del negocio.<\/p>\n\n\n\n<p><br><strong>SEGURIDAD<\/strong> \u2013 Mantenemos pr\u00e1cticas para proteger la informaci\u00f3n que se nos conf\u00eda y no compartimos informaci\u00f3n m\u00e1s all\u00e1 de quienes la necesitan para desempe\u00f1ar sus funciones asignadas.<\/p>\n\n\n\n<p><br><strong>FIRMEZA<\/strong> \u2013 Entendemos que para mantener estos principios no siempre podemos dar a todos lo que desean, y respaldamos nuestras decisiones si son justas, incluso cuando son dif\u00edciles.<\/p>\n\n\n\n<p><br><strong>RAPIDEZ<\/strong> \u2013 Nos esforzamos por ser \u00e1giles mientras mantenemos la integridad, calidad y precisi\u00f3n.<\/p>\n\n\n\n<p><br><strong>IMPARCIALIDAD<\/strong> \u2013 Utilizamos leyes, regulaciones, nuestra experiencia, conocimiento y el conjunto de nuestros valores para tomar decisiones que beneficien a la Compa\u00f1\u00eda, a nuestros Miembros del Equipo, a nuestros clientes y partes interesadas, as\u00ed como a las comunidades donde operamos, en la mejor medida de nuestras capacidades.<\/p>\n","protected":false},"excerpt":{"rendered":"<p>En Aspira Capital Group, nuestros Principios Rectores gu\u00edan cada decisi\u00f3n que tomamos y cada relaci\u00f3n que construimos. Actuamos con responsabilidad, transparencia e imparcialidad, honrando siempre la confianza que nuestros clientes y socios depositan en nosotros. Trabajamos con compasi\u00f3n y firmeza, cumpliendo nuestros compromisos y manteniendo los m\u00e1s altos est\u00e1ndares de seguridad e integridad. Al actuar [&hellip;]<\/p>\n","protected":false},"author":6,"featured_media":0,"parent":0,"menu_order":0,"comment_status":"closed","ping_status":"closed","template":"","meta":{"_acf_changed":false,"footnotes":""},"class_list":["post-15813","page","type-page","status-publish","hentry"],"acf":[],"_links":{"self":[{"href":"https:\/\/aspiracapitalgroup.com\/es\/wp-json\/wp\/v2\/pages\/15813","targetHints":{"allow":["GET"]}}],"collection":[{"href":"https:\/\/aspiracapitalgroup.com\/es\/wp-json\/wp\/v2\/pages"}],"about":[{"href":"https:\/\/aspiracapitalgroup.com\/es\/wp-json\/wp\/v2\/types\/page"}],"author":[{"embeddable":true,"href":"https:\/\/aspiracapitalgroup.com\/es\/wp-json\/wp\/v2\/users\/6"}],"replies":[{"embeddable":true,"href":"https:\/\/aspiracapitalgroup.com\/es\/wp-json\/wp\/v2\/comments?post=15813"}],"version-history":[{"count":3,"href":"https:\/\/aspiracapitalgroup.com\/es\/wp-json\/wp\/v2\/pages\/15813\/revisions"}],"predecessor-version":[{"id":15819,"href":"https:\/\/aspiracapitalgroup.com\/es\/wp-json\/wp\/v2\/pages\/15813\/revisions\/15819"}],"wp:attachment":[{"href":"https:\/\/aspiracapitalgroup.com\/es\/wp-json\/wp\/v2\/media?parent=15813"}],"curies":[{"name":"wp","href":"https:\/\/api.w.org\/{rel}","templated":true}]}}