{"id":13964,"date":"2018-11-30T06:49:24","date_gmt":"2018-11-30T06:49:24","guid":{"rendered":"https:\/\/aspiracapitalgroup.com\/?page_id=13964"},"modified":"2025-11-12T23:22:45","modified_gmt":"2025-11-12T23:22:45","slug":"acerca-de-aspira-capital","status":"publish","type":"page","link":"https:\/\/aspiracapitalgroup.com\/es\/acerca-de-aspira-capital\/","title":{"rendered":"Acerca de Aspira Capital"},"content":{"rendered":"<div class=\"wpb-content-wrapper\"><p>[vc_row thsn-bg-color=\u00bbwhite\u00bb content_placement=\u00bbmiddle\u00bb css=\u00bb.vc_custom_1567683374880{padding-bottom: 0px !important;}\u00bb][vc_column width=\u00bb1\/2&#8243; css=\u00bb.vc_custom_1565181653979{padding-right: 70px !important;}\u00bb thsn-responsive-css=\u00bb95415368|colbreak_no|||||||||colbreak_no|||||||||colbreak_no||||||15||||colbreak_no|||||||||\u00bb][vc_single_image image=\u00bb13471&#8243; img_size=\u00bbfull\u00bb alignment=\u00bbcenter\u00bb css=\u00bb.vc_custom_1684701859774{margin-bottom: 0px !important;}\u00bb][\/vc_column][vc_column width=\u00bb1\/2&#8243; css=\u00bb.vc_custom_1569934612805{padding-left: 63px !important;}\u00bb thsn-responsive-css=\u00bb59569854|colbreak_no|||||||||colbreak_no|||||||||colbreak_no|40||||||60|15||colbreak_no|||||||||\u00bb][vc_column_text]Aspira Capital Group es una firma boutique que se especializa en ayudar a las peque\u00f1as empresas a obtener acceso a capital. Servimos como intermediario entre las peque\u00f1as empresas y nuestra red de socios prestamistas. El equipo de Aspira est\u00e1 formado por profesionales de servicios financieros con casi 90 a\u00f1os de experiencia combinada en las industrias de servicios financieros, banca, pagos y tecnolog\u00eda financiera.<\/p>\n<p>Entendemos que ser due\u00f1o de un negocio no es f\u00e1cil; requiere mucho tiempo, dedicaci\u00f3n y sacrificio. A veces, sabemos que los tiempos pueden ponerse dif\u00edciles y el flujo de efectivo puede ser un desaf\u00edo que, en \u00faltima instancia, puede causar mucho estr\u00e9s. Con este entendimiento, el equipo de Aspira Capital trabaja diligentemente para ayudar a las peque\u00f1as empresas a obtener la ayuda que puedan necesitar.[\/vc_column_text][\/vc_column][\/vc_row][vc_row thsn-text-color=\u00bbwhite\u00bb thsn-bg-color=\u00bbglobalcolor\u00bb thsn-bg-image-color-order=\u00bbimage-over-color\u00bb full_width=\u00bbstretch_row\u00bb css=\u00bb.vc_custom_1570104898085{background-image: url(https:\/\/mentry-demo.pbminfotech.com\/datasite\/wp-content\/uploads\/sites\/6\/2019\/10\/bg-02.png?id=13281) !important;background-position: center !important;background-repeat: no-repeat !important;background-size: cover !important;}\u00bb][vc_column][vc_row_inner][vc_column_inner width=\u00bb1\/3&#8243;][\/vc_column_inner][vc_column_inner width=\u00bb1\/3&#8243; thsn-responsive-css=\u00bb16025252|colbreak_no|||||||||colbreak_no|||||||||colbreak_no|40|||||||||colbreak_no|||||||||\u00bb][\/vc_column_inner][vc_column_inner width=\u00bb1\/3&#8243; thsn-responsive-css=\u00bb69684339|colbreak_no|||||||||colbreak_no|||||||||colbreak_no|40|||||||||colbreak_no|||||||||\u00bb][\/vc_column_inner][\/vc_row_inner][\/vc_column][\/vc_row][vc_row thsn-text-color=\u00bbwhite\u00bb thsn-bg-color=\u00bbgradientcolor\u00bb full_width=\u00bbstretch_row\u00bb css=\u00bb.vc_custom_1569934916106{padding-top: 60px !important;padding-bottom: 60px !important;}\u00bb el_class=\u00bbthsn-two-colum-view-991-to-768&#8243;][vc_column width=\u00bb1\/4&#8243;]<div  class=\"themesion-ele themesion-ele-fid themesion-ele-fid-style-1 \"><div class=\"thsn-fld-contents d-flex align-items-center\">\n\t<div class=\"thsn-sbox-icon-wrapper\"><i class=\"thsn-mentry-icon thsn-mentry-icon-employee\"><\/i><\/div>\t<div class=\"thsn-fld-wrap\">\n\t\t<h4 class=\"thsn-fid-inner\">\n\t\t\t\t\t\t<span\n\t\t\t\tclass\t\t\t\t  = \"thsn-number-rotate\"\n\t\t\t\tdata-appear-animation = \"animateDigits\"\n\t\t\t\tdata-from             = \"0\"\n\t\t\t\tdata-to               = \"$5000\"\n\t\t\t\tdata-interval         = \"5\"\n\t\t\t\tdata-before           = \"\"\n\t\t\t\tdata-before-style     = \"\"\n\t\t\t\tdata-after            = \"\"\n\t\t\t\tdata-after-style      = \"\"\n\t\t\t\t>\n\t\t\t\t\t$5000\t\t\t<\/span>\n\t\t\t<span class=\"thsn-fid-sub\"><\/span>\n\t\t<\/h4>\n\t\t\t\t<h3 class=\"thsn-fid-title\"><span>capital desde<br><\/span><\/h3>\n\t\t\t<\/div>\n<\/div><!-- .thsn-fld-contents -->\n<\/div>[\/vc_column][vc_column width=\u00bb1\/4&#8243; thsn-responsive-css=\u00bb78066078|colbreak_no|||||||||colbreak_no|||||||||colbreak_no|40|||||||||colbreak_no|||||||||\u00bb]<div  class=\"themesion-ele themesion-ele-fid themesion-ele-fid-style-1 \"><div class=\"thsn-fld-contents d-flex align-items-center\">\n\t<div class=\"thsn-sbox-icon-wrapper\"><i class=\"thsn-mentry-icon thsn-mentry-icon-agreement\"><\/i><\/div>\t<div class=\"thsn-fld-wrap\">\n\t\t<h4 class=\"thsn-fid-inner\">\n\t\t\t\t\t\t<span\n\t\t\t\tclass\t\t\t\t  = \"thsn-number-rotate\"\n\t\t\t\tdata-appear-animation = \"animateDigits\"\n\t\t\t\tdata-from             = \"0\"\n\t\t\t\tdata-to               = \"615\"\n\t\t\t\tdata-interval         = \"5\"\n\t\t\t\tdata-before           = \"\"\n\t\t\t\tdata-before-style     = \"\"\n\t\t\t\tdata-after            = \"\"\n\t\t\t\tdata-after-style      = \"\"\n\t\t\t\t>\n\t\t\t\t\t615\t\t\t<\/span>\n\t\t\t<span class=\"thsn-fid-sub\"><\/span>\n\t\t<\/h4>\n\t\t\t\t<h3 class=\"thsn-fid-title\"><span>M\u00ednimo FICO<br><\/span><\/h3>\n\t\t\t<\/div>\n<\/div><!-- .thsn-fld-contents -->\n<\/div>[\/vc_column][vc_column width=\u00bb1\/4&#8243; thsn-responsive-css=\u00bb79903881|colbreak_no|||||||||colbreak_no|||||||||colbreak_no|40|||||||||colbreak_no|||||||||\u00bb]<div  class=\"themesion-ele themesion-ele-fid themesion-ele-fid-style-1 \"><div class=\"thsn-fld-contents d-flex align-items-center\">\n\t<div class=\"thsn-sbox-icon-wrapper\"><i class=\"thsn-mentry-icon thsn-mentry-icon-loan-3\"><\/i><\/div>\t<div class=\"thsn-fld-wrap\">\n\t\t<h4 class=\"thsn-fid-inner\">\n\t\t\t\t\t\t<span\n\t\t\t\tclass\t\t\t\t  = \"thsn-number-rotate\"\n\t\t\t\tdata-appear-animation = \"animateDigits\"\n\t\t\t\tdata-from             = \"0\"\n\t\t\t\tdata-to               = \"24\"\n\t\t\t\tdata-interval         = \"5\"\n\t\t\t\tdata-before           = \"\"\n\t\t\t\tdata-before-style     = \"\"\n\t\t\t\tdata-after            = \"\"\n\t\t\t\tdata-after-style      = \"\"\n\t\t\t\t>\n\t\t\t\t\t24\t\t\t<\/span>\n\t\t\t<span class=\"thsn-fid-sub\"><\/span>\n\t\t<\/h4>\n\t\t\t\t<h3 class=\"thsn-fid-title\"><span>Tiempo de financiaci\u00f3n: en horas<br><\/span><\/h3>\n\t\t\t<\/div>\n<\/div><!-- .thsn-fld-contents -->\n<\/div>[\/vc_column][vc_column width=\u00bb1\/4&#8243; thsn-responsive-css=\u00bb25234553|colbreak_no|||||||||colbreak_no|||||||||colbreak_no|40|||||||||colbreak_no|||||||||\u00bb]<div  class=\"themesion-ele themesion-ele-fid themesion-ele-fid-style-1 \"><div class=\"thsn-fld-contents d-flex align-items-center\">\n\t<div class=\"thsn-sbox-icon-wrapper\"><i class=\"thsn-mentry-icon thsn-mentry-icon-briefcase-1\"><\/i><\/div>\t<div class=\"thsn-fld-wrap\">\n\t\t<h4 class=\"thsn-fid-inner\">\n\t\t\t\t\t\t<span\n\t\t\t\tclass\t\t\t\t  = \"thsn-number-rotate\"\n\t\t\t\tdata-appear-animation = \"animateDigits\"\n\t\t\t\tdata-from             = \"0\"\n\t\t\t\tdata-to               = \"52\"\n\t\t\t\tdata-interval         = \"5\"\n\t\t\t\tdata-before           = \"\"\n\t\t\t\tdata-before-style     = \"\"\n\t\t\t\tdata-after            = \"\"\n\t\t\t\tdata-after-style      = \"\"\n\t\t\t\t>\n\t\t\t\t\t52\t\t\t<\/span>\n\t\t\t<span class=\"thsn-fid-sub\"><\/span>\n\t\t<\/h4>\n\t\t\t\t<h3 class=\"thsn-fid-title\"><span>Plazos hasta semanas<br><\/span><\/h3>\n\t\t\t<\/div>\n<\/div><!-- .thsn-fld-contents -->\n<\/div>[\/vc_column][\/vc_row]<\/p>\n<\/div>","protected":false},"excerpt":{"rendered":"<p>[vc_row thsn-bg-color=\u00bbwhite\u00bb content_placement=\u00bbmiddle\u00bb css=\u00bb.vc_custom_1567683374880{padding-bottom: 0px !important;}\u00bb][vc_column width=\u00bb1\/2&#8243; css=\u00bb.vc_custom_1565181653979{padding-right: 70px !important;}\u00bb thsn-responsive-css=\u00bb95415368|colbreak_no|||||||||colbreak_no|||||||||colbreak_no||||||15||||colbreak_no|||||||||\u00bb][vc_single_image image=\u00bb13471&#8243; img_size=\u00bbfull\u00bb alignment=\u00bbcenter\u00bb css=\u00bb.vc_custom_1684701859774{margin-bottom: 0px !important;}\u00bb][\/vc_column][vc_column width=\u00bb1\/2&#8243; css=\u00bb.vc_custom_1569934612805{padding-left: 63px !important;}\u00bb thsn-responsive-css=\u00bb59569854|colbreak_no|||||||||colbreak_no|||||||||colbreak_no|40||||||60|15||colbreak_no|||||||||\u00bb][vc_column_text]Aspira Capital Group es una firma boutique que se especializa en ayudar a las peque\u00f1as empresas a obtener acceso a capital. Servimos como intermediario entre las peque\u00f1as empresas y nuestra red de socios prestamistas. [&hellip;]<\/p>\n","protected":false},"author":1,"featured_media":0,"parent":0,"menu_order":5,"comment_status":"closed","ping_status":"closed","template":"","meta":{"_acf_changed":false,"footnotes":""},"class_list":["post-13964","page","type-page","status-publish","hentry"],"acf":[],"_links":{"self":[{"href":"https:\/\/aspiracapitalgroup.com\/es\/wp-json\/wp\/v2\/pages\/13964","targetHints":{"allow":["GET"]}}],"collection":[{"href":"https:\/\/aspiracapitalgroup.com\/es\/wp-json\/wp\/v2\/pages"}],"about":[{"href":"https:\/\/aspiracapitalgroup.com\/es\/wp-json\/wp\/v2\/types\/page"}],"author":[{"embeddable":true,"href":"https:\/\/aspiracapitalgroup.com\/es\/wp-json\/wp\/v2\/users\/1"}],"replies":[{"embeddable":true,"href":"https:\/\/aspiracapitalgroup.com\/es\/wp-json\/wp\/v2\/comments?post=13964"}],"version-history":[{"count":5,"href":"https:\/\/aspiracapitalgroup.com\/es\/wp-json\/wp\/v2\/pages\/13964\/revisions"}],"predecessor-version":[{"id":15807,"href":"https:\/\/aspiracapitalgroup.com\/es\/wp-json\/wp\/v2\/pages\/13964\/revisions\/15807"}],"wp:attachment":[{"href":"https:\/\/aspiracapitalgroup.com\/es\/wp-json\/wp\/v2\/media?parent=13964"}],"curies":[{"name":"wp","href":"https:\/\/api.w.org\/{rel}","templated":true}]}}