{"id":13950,"date":"2023-05-31T02:07:30","date_gmt":"2023-05-31T02:07:30","guid":{"rendered":"https:\/\/aspiracapitalgroup.com\/?page_id=13950"},"modified":"2023-06-06T23:56:27","modified_gmt":"2023-06-06T23:56:27","slug":"aviso-a-los-residentes-de-california","status":"publish","type":"page","link":"https:\/\/aspiracapitalgroup.com\/es\/aviso-a-los-residentes-de-california\/","title":{"rendered":"Aviso a los residentes de California"},"content":{"rendered":"<div class=\"wpb-content-wrapper\"><p>[vc_row][vc_column][vc_column_text]Aviso a los residentes de California<br \/>\nNo vendemos ni compartimos su informaci\u00f3n personal a cambio de compensaci\u00f3n monetaria. Tampoco permitimos que ciertos terceros (como servicios de publicidad en l\u00ednea o an\u00e1lisis) recopilen su informaci\u00f3n personal a trav\u00e9s de tecnolog\u00edas automatizadas en nuestros sitios web a cambio de una compensaci\u00f3n no monetaria. Este tipo de divulgaci\u00f3n puede considerarse una \u00abventa\u00bb o \u00abcompartir\u00bb (para publicidad conductual en distintos contextos) seg\u00fan la Ley de Privacidad del Consumidor de California de 2018 (modificada por la Ley de Derechos de Privacidad de California de 2020).<br \/>\nSi usted es residente de California, tiene el derecho de optar por no participar en la venta o compartici\u00f3n de su informaci\u00f3n personal.<br \/>\nSu solicitud de optar por no participar en la venta o compartici\u00f3n es espec\u00edfica para el navegador y dispositivo que est\u00e9 utilizando en el momento en que env\u00ede su solicitud. Si utiliza varios navegadores o dispositivos, deber\u00e1 enviar una solicitud de opt-out para cada navegador o dispositivo. Adem\u00e1s, si restablece la configuraci\u00f3n de su navegador o elimina todas las cookies, es posible que deba enviar nuevamente su solicitud de opt-out de venta o compartici\u00f3n.<br \/>\nPara enviar una solicitud de optar por no participar en la venta o compartici\u00f3n de su informaci\u00f3n personal, env\u00edenos un correo electr\u00f3nico a info@aspiracapitalgroup.com con el asunto \u00abSolicitud de Venta\/Compartici\u00f3n\u00bb.[\/vc_column_text][\/vc_column][\/vc_row]<\/p>\n<\/div>","protected":false},"excerpt":{"rendered":"<p>[vc_row][vc_column][vc_column_text]Aviso a los residentes de California No vendemos ni compartimos su informaci\u00f3n personal a cambio de compensaci\u00f3n monetaria. Tampoco permitimos que ciertos terceros (como servicios de publicidad en l\u00ednea o an\u00e1lisis) recopilen su informaci\u00f3n personal a trav\u00e9s de tecnolog\u00edas automatizadas en nuestros sitios web a cambio de una compensaci\u00f3n no monetaria. Este tipo de divulgaci\u00f3n [&hellip;]<\/p>\n","protected":false},"author":1,"featured_media":0,"parent":0,"menu_order":0,"comment_status":"closed","ping_status":"closed","template":"","meta":{"_acf_changed":false,"footnotes":""},"class_list":["post-13950","page","type-page","status-publish","hentry"],"acf":[],"_links":{"self":[{"href":"https:\/\/aspiracapitalgroup.com\/es\/wp-json\/wp\/v2\/pages\/13950","targetHints":{"allow":["GET"]}}],"collection":[{"href":"https:\/\/aspiracapitalgroup.com\/es\/wp-json\/wp\/v2\/pages"}],"about":[{"href":"https:\/\/aspiracapitalgroup.com\/es\/wp-json\/wp\/v2\/types\/page"}],"author":[{"embeddable":true,"href":"https:\/\/aspiracapitalgroup.com\/es\/wp-json\/wp\/v2\/users\/1"}],"replies":[{"embeddable":true,"href":"https:\/\/aspiracapitalgroup.com\/es\/wp-json\/wp\/v2\/comments?post=13950"}],"version-history":[{"count":1,"href":"https:\/\/aspiracapitalgroup.com\/es\/wp-json\/wp\/v2\/pages\/13950\/revisions"}],"predecessor-version":[{"id":13951,"href":"https:\/\/aspiracapitalgroup.com\/es\/wp-json\/wp\/v2\/pages\/13950\/revisions\/13951"}],"wp:attachment":[{"href":"https:\/\/aspiracapitalgroup.com\/es\/wp-json\/wp\/v2\/media?parent=13950"}],"curies":[{"name":"wp","href":"https:\/\/api.w.org\/{rel}","templated":true}]}}