{"id":13882,"date":"2023-05-31T02:14:01","date_gmt":"2023-05-31T02:14:01","guid":{"rendered":"https:\/\/aspiracapitalgroup.com\/?page_id=13882"},"modified":"2023-06-06T22:15:47","modified_gmt":"2023-06-06T22:15:47","slug":"divulgacion-de-ada","status":"publish","type":"page","link":"https:\/\/aspiracapitalgroup.com\/es\/divulgacion-de-ada\/","title":{"rendered":"Divulgaci\u00f3n de ADA"},"content":{"rendered":"<div class=\"wpb-content-wrapper\"><p>[vc_row][vc_column][vc_column_text]I am text block. Click edit button to change this text. Lorem ipsum dolor sit amet, consectetur adipiscing elit. Ut elit tellus, luctus nec ullamcorper mattis, pulvinar dapibus leo.<\/p>\n<p>La misi\u00f3n de Aspira Capital Group, LLC es brindar un servicio al cliente superior de manera r\u00e1pida, precisa y profesional, y esto incluye mantener una experiencia constante y positiva para aquellas personas con discapacidades. Para lograr estos objetivos, Aspira Capital Group, LLC proporciona un n\u00famero de tel\u00e9fono gratuito al que una persona con discapacidad visual puede llamar y hablar con un representante en vivo.<\/p>\n<p>Los miembros del equipo de Aspira Capital Group, LLC est\u00e1n disponibles para ayudar a las personas con discapacidades. Por favor, llame a nuestro Centro de Atenci\u00f3n al Cliente entre las 9:00 AM y las 5:00 PM para comunicarse con un grupo dedicado de especialistas que le ayudar\u00e1n con sus necesidades. Si no hay un miembro del equipo de Aspira disponible, los mensajes ser\u00e1n respondidos al siguiente d\u00eda h\u00e1bil.<\/p>\n<p>Aspira Capital Group, LLC es un empleador que ofrece igualdad de oportunidades y se compromete a crear una fuerza laboral diversa. Consideramos a todos los solicitantes calificados, sin importar su raza, religi\u00f3n, color, sexo, origen nacional, edad, orientaci\u00f3n sexual, identidad de g\u00e9nero, discapacidad o estado de veterano, entre otros factores. Los solicitantes con discapacidad que necesiten asistencia para solicitar un puesto en Aspira Capital Group, LLC pueden enviar un correo electr\u00f3nico a infor@aspiracapitalgroup.com.[\/vc_column_text][\/vc_column][\/vc_row]<\/p>\n<\/div>","protected":false},"excerpt":{"rendered":"<p>[vc_row][vc_column][vc_column_text]I am text block. Click edit button to change this text. Lorem ipsum dolor sit amet, consectetur adipiscing elit. Ut elit tellus, luctus nec ullamcorper mattis, pulvinar dapibus leo. La misi\u00f3n de Aspira Capital Group, LLC es brindar un servicio al cliente superior de manera r\u00e1pida, precisa y profesional, y esto incluye mantener una experiencia [&hellip;]<\/p>\n","protected":false},"author":1,"featured_media":0,"parent":0,"menu_order":0,"comment_status":"closed","ping_status":"closed","template":"","meta":{"_acf_changed":false,"footnotes":""},"class_list":["post-13882","page","type-page","status-publish","hentry"],"acf":[],"_links":{"self":[{"href":"https:\/\/aspiracapitalgroup.com\/es\/wp-json\/wp\/v2\/pages\/13882","targetHints":{"allow":["GET"]}}],"collection":[{"href":"https:\/\/aspiracapitalgroup.com\/es\/wp-json\/wp\/v2\/pages"}],"about":[{"href":"https:\/\/aspiracapitalgroup.com\/es\/wp-json\/wp\/v2\/types\/page"}],"author":[{"embeddable":true,"href":"https:\/\/aspiracapitalgroup.com\/es\/wp-json\/wp\/v2\/users\/1"}],"replies":[{"embeddable":true,"href":"https:\/\/aspiracapitalgroup.com\/es\/wp-json\/wp\/v2\/comments?post=13882"}],"version-history":[{"count":1,"href":"https:\/\/aspiracapitalgroup.com\/es\/wp-json\/wp\/v2\/pages\/13882\/revisions"}],"predecessor-version":[{"id":13883,"href":"https:\/\/aspiracapitalgroup.com\/es\/wp-json\/wp\/v2\/pages\/13882\/revisions\/13883"}],"wp:attachment":[{"href":"https:\/\/aspiracapitalgroup.com\/es\/wp-json\/wp\/v2\/media?parent=13882"}],"curies":[{"name":"wp","href":"https:\/\/api.w.org\/{rel}","templated":true}]}}